{"id":3,"date":"2023-07-31T19:10:36","date_gmt":"2023-07-31T17:10:36","guid":{"rendered":"http:\/\/koreaexploration.com\/?page_id=3"},"modified":"2024-02-26T16:52:06","modified_gmt":"2024-02-26T15:52:06","slug":"mentions-legales","status":"publish","type":"page","link":"https:\/\/koreaexploration.com\/es\/politica-de-privacidad\/","title":{"rendered":"Informaci\u00f3n jur\u00eddica"},"content":{"rendered":"<div style=\"height:159px\" aria-hidden=\"true\" class=\"wp-block-spacer\"><\/div>\n\n\n\n<ol class=\"wp-block-list\">\n<li><strong>Editor del sitio<\/strong>\n<ul class=\"wp-block-list\">\n<li>El sitio web Koreaexploration est\u00e1 editado por GAUTIER Loris, especializado en proporcionar informaci\u00f3n y compartir contenidos sobre Corea del Sur.<\/li>\n<\/ul>\n<\/li>\n\n\n\n<li>- D. LORIS GAUTIER, comerciante individual, con domicilio social en APPARTEMENT 7 16 RUE BERTHELOT 72000 LE MANS, inscrito en el Registro Mercantil de Lemans con el n\u00famero 909 523 870.<\/li>\n\n\n\n<li><strong>Alojamiento<\/strong>\n<ul class=\"wp-block-list\">\n<li>El sitio est\u00e1 alojado en Hostinger, HOSTINGER INTERNATIONAL LTD, 61 Lordou Vironos Street, 6023 Larnaca, Chipre.<\/li>\n<\/ul>\n<\/li>\n\n\n\n<li><strong>Recogida y uso de datos personales<\/strong>\n<ul class=\"wp-block-list\">\n<li>Los datos personales recogidos en Koreaexploration, principalmente a trav\u00e9s de un formulario de contacto o de inscripci\u00f3n a un bolet\u00edn, incluyen direcciones de correo electr\u00f3nico. Estos datos se utilizan exclusivamente para enviar boletines o comunicarse con los usuarios.<\/li>\n\n\n\n<li>El usuario dispone de un derecho de acceso, modificaci\u00f3n, rectificaci\u00f3n y supresi\u00f3n de los datos que le conciernen (art. 34 de la ley francesa de protecci\u00f3n de datos). Para ejercer este derecho, p\u00f3ngase en contacto con nosotros en contact@koreaexploration.com<\/li>\n<\/ul>\n<\/li>\n\n\n\n<li><strong>Pol\u00edtica de privacidad<\/strong>\n<ul class=\"wp-block-list\">\n<li>Koreaexploration utiliza Google Analytics y Google Tag Manager para analizar la audiencia del sitio y mejorar su contenido. Para m\u00e1s informaci\u00f3n sobre la pol\u00edtica de privacidad de Google, consulte la pol\u00edtica de privacidad de Google.<\/li>\n<\/ul>\n<\/li>\n\n\n\n<li><strong>Afiliados y enlaces a comisiones<\/strong>\n<ul class=\"wp-block-list\">\n<li>Koreaexploration est\u00e1 asociada con GetYourGuide como socio afiliado. Algunos enlaces en nuestro sitio son enlaces de afiliados, y podemos ganar comisiones por las compras realizadas a trav\u00e9s de estos enlaces.<\/li>\n<\/ul>\n<\/li>\n\n\n\n<li><strong>Propiedad intelectual<\/strong>\n<ul class=\"wp-block-list\">\n<li>Todo el contenido del sitio de Koreaexploration, incluidos textos, im\u00e1genes, gr\u00e1ficos, logotipos, iconos, sonidos y software, es propiedad exclusiva de Koreaexploration, a menos que se indique lo contrario.<\/li>\n<\/ul>\n<\/li>\n\n\n\n<li><strong>P\u00f3ngase en contacto con<\/strong>\n<ul class=\"wp-block-list\">\n<li>Si tiene alguna pregunta o solicitud sobre Koreaexploration, p\u00f3ngase en contacto con nosotros en contact@koreaexploration.com.<\/li>\n<\/ul>\n<\/li>\n<\/ol>","protected":false},"excerpt":{"rendered":"","protected":false},"author":1,"featured_media":0,"parent":0,"menu_order":0,"comment_status":"closed","ping_status":"open","template":"","meta":{"footnotes":""},"class_list":["post-3","page","type-page","status-publish","hentry"],"_links":{"self":[{"href":"https:\/\/koreaexploration.com\/es\/wp-json\/wp\/v2\/pages\/3","targetHints":{"allow":["GET"]}}],"collection":[{"href":"https:\/\/koreaexploration.com\/es\/wp-json\/wp\/v2\/pages"}],"about":[{"href":"https:\/\/koreaexploration.com\/es\/wp-json\/wp\/v2\/types\/page"}],"author":[{"embeddable":true,"href":"https:\/\/koreaexploration.com\/es\/wp-json\/wp\/v2\/users\/1"}],"replies":[{"embeddable":true,"href":"https:\/\/koreaexploration.com\/es\/wp-json\/wp\/v2\/comments?post=3"}],"version-history":[{"count":4,"href":"https:\/\/koreaexploration.com\/es\/wp-json\/wp\/v2\/pages\/3\/revisions"}],"predecessor-version":[{"id":4822,"href":"https:\/\/koreaexploration.com\/es\/wp-json\/wp\/v2\/pages\/3\/revisions\/4822"}],"wp:attachment":[{"href":"https:\/\/koreaexploration.com\/es\/wp-json\/wp\/v2\/media?parent=3"}],"curies":[{"name":"wp","href":"https:\/\/api.w.org\/{rel}","templated":true}]}}