{"id":5760,"date":"2024-03-12T21:59:20","date_gmt":"2024-03-12T20:59:20","guid":{"rendered":"https:\/\/koreaexploration.com\/?page_id=5760"},"modified":"2024-10-30T04:19:02","modified_gmt":"2024-10-30T03:19:02","slug":"qui-sommes-nous","status":"publish","type":"page","link":"https:\/\/koreaexploration.com\/es\/quienes-somos\/","title":{"rendered":"\u00bfQui\u00e9nes somos?"},"content":{"rendered":"<div data-elementor-type=\"wp-page\" data-elementor-id=\"5760\" class=\"elementor elementor-5760\" data-elementor-settings=\"{&quot;element_pack_global_tooltip_width&quot;:{&quot;unit&quot;:&quot;px&quot;,&quot;size&quot;:&quot;&quot;,&quot;sizes&quot;:[]},&quot;element_pack_global_tooltip_width_tablet&quot;:{&quot;unit&quot;:&quot;px&quot;,&quot;size&quot;:&quot;&quot;,&quot;sizes&quot;:[]},&quot;element_pack_global_tooltip_width_mobile&quot;:{&quot;unit&quot;:&quot;px&quot;,&quot;size&quot;:&quot;&quot;,&quot;sizes&quot;:[]},&quot;element_pack_global_tooltip_padding&quot;:{&quot;unit&quot;:&quot;px&quot;,&quot;top&quot;:&quot;&quot;,&quot;right&quot;:&quot;&quot;,&quot;bottom&quot;:&quot;&quot;,&quot;left&quot;:&quot;&quot;,&quot;isLinked&quot;:true},&quot;element_pack_global_tooltip_padding_tablet&quot;:{&quot;unit&quot;:&quot;px&quot;,&quot;top&quot;:&quot;&quot;,&quot;right&quot;:&quot;&quot;,&quot;bottom&quot;:&quot;&quot;,&quot;left&quot;:&quot;&quot;,&quot;isLinked&quot;:true},&quot;element_pack_global_tooltip_padding_mobile&quot;:{&quot;unit&quot;:&quot;px&quot;,&quot;top&quot;:&quot;&quot;,&quot;right&quot;:&quot;&quot;,&quot;bottom&quot;:&quot;&quot;,&quot;left&quot;:&quot;&quot;,&quot;isLinked&quot;:true},&quot;element_pack_global_tooltip_border_radius&quot;:{&quot;unit&quot;:&quot;px&quot;,&quot;top&quot;:&quot;&quot;,&quot;right&quot;:&quot;&quot;,&quot;bottom&quot;:&quot;&quot;,&quot;left&quot;:&quot;&quot;,&quot;isLinked&quot;:true},&quot;element_pack_global_tooltip_border_radius_tablet&quot;:{&quot;unit&quot;:&quot;px&quot;,&quot;top&quot;:&quot;&quot;,&quot;right&quot;:&quot;&quot;,&quot;bottom&quot;:&quot;&quot;,&quot;left&quot;:&quot;&quot;,&quot;isLinked&quot;:true},&quot;element_pack_global_tooltip_border_radius_mobile&quot;:{&quot;unit&quot;:&quot;px&quot;,&quot;top&quot;:&quot;&quot;,&quot;right&quot;:&quot;&quot;,&quot;bottom&quot;:&quot;&quot;,&quot;left&quot;:&quot;&quot;,&quot;isLinked&quot;:true}}\">\n\t\t\t\t\t\t<section class=\"elementor-section elementor-top-section elementor-element elementor-element-11217a6d elementor-section-boxed elementor-section-height-default elementor-section-height-default\" data-id=\"11217a6d\" data-element_type=\"section\" data-settings=\"{&quot;background_background&quot;:&quot;classic&quot;}\">\n\t\t\t\t\t\t<div class=\"elementor-container elementor-column-gap-default\">\n\t\t\t\t\t<div class=\"elementor-column elementor-col-50 elementor-top-column elementor-element elementor-element-533443f4\" data-id=\"533443f4\" data-element_type=\"column\">\n\t\t\t<div class=\"elementor-widget-wrap elementor-element-populated\">\n\t\t\t\t\t\t<div class=\"elementor-element elementor-element-232d8e71 elementor-widget__width-inherit elementor-widget elementor-widget-heading\" data-id=\"232d8e71\" data-element_type=\"widget\" data-widget_type=\"heading.default\">\n\t\t\t\t<div class=\"elementor-widget-container\">\n\t\t\t\t\t<h1 class=\"elementor-heading-title elementor-size-default\">\u00bfQui\u00e9nes somos?<\/h1>\t\t\t\t<\/div>\n\t\t\t\t<\/div>\n\t\t\t\t<div class=\"elementor-element elementor-element-2c889c96 elementor-widget__width-initial elementor-widget elementor-widget-text-editor\" data-id=\"2c889c96\" data-element_type=\"widget\" data-widget_type=\"text-editor.default\">\n\t\t\t\t<div class=\"elementor-widget-container\">\n\t\t\t\t\t\t\t\t\t<p>\u00a1Hola!<\/p><p>El m\u00edo es <a href=\"https:\/\/lorisgautier.fr\/\" target=\"_blank\" rel=\"noopener\">Loris GAUTIER<\/a> \u00a1! Si te encuentras aqu\u00ed, probablemente sea porque te est\u00e1s preguntando qui\u00e9n dirige el universo de Korea Exploration, \u00bfverdad?<\/p><p>As\u00ed que perm\u00edtame ir directamente al meollo de la cuesti\u00f3n: Korea Exploration es mucho m\u00e1s que un sitio web. Es una aut\u00e9ntica agencia de viajes dedicada al fascinante mundo de Corea. Aqu\u00ed compartimos consejos de oro, gu\u00edas pr\u00e1cticas y buenas ofertas exclusivas sobre Corea del Sur. <img decoding=\"async\" class=\"emoji\" role=\"img\" draggable=\"false\" src=\"https:\/\/s.w.org\/images\/core\/emoji\/14.0.0\/svg\/1f1f0-1f1f7.svg\" alt=\"\ud83c\uddf0\ud83c\uddf7\" \/>\u2708\ufe0f<\/p><p>Por el momento, dirijo esta empresa en solitario: entre la gesti\u00f3n del sitio, el servicio de atenci\u00f3n al cliente y la redacci\u00f3n de art\u00edculos, \u00a1tengo los d\u00edas bastante ocupados! Pero, \u00bfqui\u00e9n sabe? Quiz\u00e1 el equipo crezca pronto. \ud83c\udf31<\/p><p>Una informaci\u00f3n adicional: actualmente vivo en Corea del Sur, concretamente en Se\u00fal. La exploraci\u00f3n contin\u00faa, y estoy encantada de llevaros conmigo en esta aventura. \ud83c\udf0f\ud83d\udcbc<\/p><p>Bienvenido a Korea Exploration: \u00a1su pasaporte para descubrir Corea como nunca antes!<\/p>\t\t\t\t\t\t\t\t<\/div>\n\t\t\t\t<\/div>\n\t\t\t\t<div class=\"elementor-element elementor-element-30ba78c elementor-widget elementor-widget-spacer\" data-id=\"30ba78c\" data-element_type=\"widget\" data-widget_type=\"spacer.default\">\n\t\t\t\t<div class=\"elementor-widget-container\">\n\t\t\t\t\t\t\t<div class=\"elementor-spacer\">\n\t\t\t<div class=\"elementor-spacer-inner\"><\/div>\n\t\t<\/div>\n\t\t\t\t\t\t<\/div>\n\t\t\t\t<\/div>\n\t\t\t\t\t<\/div>\n\t\t<\/div>\n\t\t\t\t<div class=\"elementor-column elementor-col-50 elementor-top-column elementor-element elementor-element-5221ad57\" data-id=\"5221ad57\" data-element_type=\"column\" data-settings=\"{&quot;background_background&quot;:&quot;classic&quot;}\">\n\t\t\t<div class=\"elementor-widget-wrap elementor-element-populated\">\n\t\t\t\t\t<div class=\"elementor-background-overlay\"><\/div>\n\t\t\t\t\t\t<div class=\"elementor-element elementor-element-6bda3e9d elementor-widget elementor-widget-image\" data-id=\"6bda3e9d\" data-element_type=\"widget\" data-widget_type=\"image.default\">\n\t\t\t\t<div class=\"elementor-widget-container\">\n\t\t\t\t\t\t\t\t\t\t\t\t\t\t\t<img fetchpriority=\"high\" decoding=\"async\" width=\"1440\" height=\"1920\" src=\"https:\/\/koreaexploration.com\/wp-content\/uploads\/2023\/07\/7F7D5CB1-9CD1-4326-9F22-DA865A53990C-2-scaled.jpg\" class=\"attachment-full size-full wp-image-991\" alt=\"loris en se\u00fal de noche, justo debajo de la monta\u00f1a namsan\" srcset=\"https:\/\/koreaexploration.com\/wp-content\/uploads\/2023\/07\/7F7D5CB1-9CD1-4326-9F22-DA865A53990C-2-scaled.jpg 1440w, https:\/\/koreaexploration.com\/wp-content\/uploads\/2023\/07\/7F7D5CB1-9CD1-4326-9F22-DA865A53990C-2-225x300.jpg 225w, https:\/\/koreaexploration.com\/wp-content\/uploads\/2023\/07\/7F7D5CB1-9CD1-4326-9F22-DA865A53990C-2-768x1024.jpg 768w, https:\/\/koreaexploration.com\/wp-content\/uploads\/2023\/07\/7F7D5CB1-9CD1-4326-9F22-DA865A53990C-2-1152x1536.jpg 1152w, https:\/\/koreaexploration.com\/wp-content\/uploads\/2023\/07\/7F7D5CB1-9CD1-4326-9F22-DA865A53990C-2-1536x2048.jpg 1536w, https:\/\/koreaexploration.com\/wp-content\/uploads\/2023\/07\/7F7D5CB1-9CD1-4326-9F22-DA865A53990C-2-110x147.jpg 110w, https:\/\/koreaexploration.com\/wp-content\/uploads\/2023\/07\/7F7D5CB1-9CD1-4326-9F22-DA865A53990C-2-585x780.jpg 585w\" sizes=\"(max-width: 1440px) 100vw, 1440px\" \/>\t\t\t\t\t\t\t\t\t\t\t\t\t\t\t<\/div>\n\t\t\t\t<\/div>\n\t\t\t\t\t<\/div>\n\t\t<\/div>\n\t\t\t\t\t<\/div>\n\t\t<\/section>\n\t\t\t\t<section class=\"elementor-section elementor-top-section elementor-element elementor-element-2478744d elementor-section-boxed elementor-section-height-default elementor-section-height-default\" data-id=\"2478744d\" data-element_type=\"section\" data-settings=\"{&quot;background_background&quot;:&quot;classic&quot;}\">\n\t\t\t\t\t\t<div class=\"elementor-container elementor-column-gap-default\">\n\t\t\t\t\t<div class=\"elementor-column elementor-col-100 elementor-top-column elementor-element elementor-element-7394c237\" data-id=\"7394c237\" data-element_type=\"column\">\n\t\t\t<div class=\"elementor-widget-wrap elementor-element-populated\">\n\t\t\t\t\t\t<div class=\"elementor-element elementor-element-7da4caf9 elementor-widget elementor-widget-spacer\" data-id=\"7da4caf9\" data-element_type=\"widget\" data-widget_type=\"spacer.default\">\n\t\t\t\t<div class=\"elementor-widget-container\">\n\t\t\t\t\t\t\t<div class=\"elementor-spacer\">\n\t\t\t<div class=\"elementor-spacer-inner\"><\/div>\n\t\t<\/div>\n\t\t\t\t\t\t<\/div>\n\t\t\t\t<\/div>\n\t\t\t\t<div class=\"elementor-element elementor-element-5e39159b elementor-widget elementor-widget-heading\" data-id=\"5e39159b\" data-element_type=\"widget\" data-widget_type=\"heading.default\">\n\t\t\t\t<div class=\"elementor-widget-container\">\n\t\t\t\t\t<h2 class=\"elementor-heading-title elementor-size-default\">Preguntas frecuentes - FAQ <\/h2>\t\t\t\t<\/div>\n\t\t\t\t<\/div>\n\t\t\t\t<div class=\"elementor-element elementor-element-680f3ba8 elementor-widget elementor-widget-bdt-accordion\" data-id=\"680f3ba8\" data-element_type=\"widget\" data-widget_type=\"bdt-accordion.default\">\n\t\t\t\t<div class=\"elementor-widget-container\">\n\t\t\t\t\t\t\t<div class=\"bdt-ep-accordion-container\">\n\t\t\t<div id=\"bdt-ep-accordion-680f3ba8\" class=\"bdt-ep-accordion bdt-accordion\" data-bdt-accordion=\"{&quot;collapsible&quot;:true,&quot;multiple&quot;:false,&quot;transition&quot;:&quot;ease-in-out&quot;}\" itemscope=\"\" itemtype=\"https:\/\/schema.org\/FAQPage\" \t\tdata-settings=\"{&quot;id&quot;:&quot;bdt-ep-accordion-680f3ba8&quot;,&quot;activeHash&quot;:&quot;no&quot;,&quot;activeScrollspy&quot;:null,&quot;hashTopOffset&quot;:false,&quot;hashScrollspyTime&quot;:false,&quot;closeAllItemsOnMobile&quot;:false}\">\n\t\t\t\t\t\t\t\t\t<div class=\"bdt-ep-accordion-item bdt-open\" itemscope=\"\" itemprop=\"mainEntity\" itemtype=\"https:\/\/schema.org\/Question\">\n\t\t\t\t\t\t<div\t\t\t\t\t\t\tclass=\"bdt-ep-accordion-title bdt-accordion-title bdt-flex bdt-flex-middle bdt-flex-between\" id=\"bdt-ep-accordion-comment-puis-je-rserver-une-activit-en-core-du-sud-via-korea-exploration\"\n\t\t\t\t\t\t\tdata-accordion-index=\"0\" data-title=\"comment-puis-je-r-server-une-activit-en-cor-e-du-sud-via-korea-exploration\">\n\n\t\t\t\t\t\t\t\t\t\t\t\t\t\t\t<span class=\"bdt-ep-accordion-icon bdt-flex-align-right\"\n\t\t\t\t\t\t\t\t\taria-hidden=\"true\">\n\n\t\t\t\t\t\t\t\t\t\t\t\t\t\t\t\t\t\t\t<span class=\"bdt-ep-accordion-icon-closed\">\n\t\t\t\t\t\t\t\t\t\t\t<i aria-hidden=\"true\" class=\"fa-fw ti ti-angle-down\"><\/i>\t\t\t\t\t\t\t\t\t\t<\/span>\n\t\t\t\t\t\t\t\t\t\n\t\t\t\t\t\t\t\t\t\t\t\t\t\t\t\t\t\t\t<span class=\"bdt-ep-accordion-icon-opened\">\n\t\t\t\t\t\t\t\t\t\t\t<i aria-hidden=\"true\" class=\"fa-fw ti ti-angle-up\"><\/i>\t\t\t\t\t\t\t\t\t\t<\/span>\n\t\t\t\t\t\t\t\t\t\n\t\t\t\t\t\t\t\t<\/span>\n\t\t\t\t\t\t\t\n\t\t\t\t\t\t\t<span role=\"heading\" class=\"bdt-ep-title-text bdt-flex-inline bdt-flex-middle\" itemprop=\"name\">\n\n\t\t\t\t\t\t\t\t\t\t\t\t\t\t\t\t\u00bfC\u00f3mo puedo reservar una actividad en Corea del Sur a trav\u00e9s de Korea Exploration?\t\t\t\t\t\t\t<\/span>\n\n\t\t\t\t\t\t<\/div>\n\t\t\t\t\t\t<div class=\"bdt-ep-accordion-content bdt-accordion-content\" itemscope=\"\" itemprop=\"acceptedAnswer\" itemtype=\"https:\/\/schema.org\/Answer\">\n\t\t\t\t\t\t\t<div itemprop=\"text\"><p>Para reservar una actividad, s\u00f3lo tiene que navegar por nuestro sitio hasta la secci\u00f3n que le interese y, a continuaci\u00f3n, hacer clic en la oferta que haya elegido. Ser\u00e1 redirigido a nuestro socio GetYourGuide para completar su reserva. Es sencillo y seguro.<\/p><\/div>\t\t\t\t\t\t<\/div>\n\t\t\t\t\t<\/div>\n\t\t\t\t\t\t\t\t\t<div class=\"bdt-ep-accordion-item\" itemscope=\"\" itemprop=\"mainEntity\" itemtype=\"https:\/\/schema.org\/Question\">\n\t\t\t\t\t\t<div\t\t\t\t\t\t\tclass=\"bdt-ep-accordion-title bdt-accordion-title bdt-flex bdt-flex-middle bdt-flex-between\" id=\"bdt-ep-accordion-quel-type-dactivits-proposez-vous\"\n\t\t\t\t\t\t\tdata-accordion-index=\"1\" data-title=\"quel-type-d-039-activit-s-proposez-vous\">\n\n\t\t\t\t\t\t\t\t\t\t\t\t\t\t\t<span class=\"bdt-ep-accordion-icon bdt-flex-align-right\"\n\t\t\t\t\t\t\t\t\taria-hidden=\"true\">\n\n\t\t\t\t\t\t\t\t\t\t\t\t\t\t\t\t\t\t\t<span class=\"bdt-ep-accordion-icon-closed\">\n\t\t\t\t\t\t\t\t\t\t\t<i aria-hidden=\"true\" class=\"fa-fw ti ti-angle-down\"><\/i>\t\t\t\t\t\t\t\t\t\t<\/span>\n\t\t\t\t\t\t\t\t\t\n\t\t\t\t\t\t\t\t\t\t\t\t\t\t\t\t\t\t\t<span class=\"bdt-ep-accordion-icon-opened\">\n\t\t\t\t\t\t\t\t\t\t\t<i aria-hidden=\"true\" class=\"fa-fw ti ti-angle-up\"><\/i>\t\t\t\t\t\t\t\t\t\t<\/span>\n\t\t\t\t\t\t\t\t\t\n\t\t\t\t\t\t\t\t<\/span>\n\t\t\t\t\t\t\t\n\t\t\t\t\t\t\t<span role=\"heading\" class=\"bdt-ep-title-text bdt-flex-inline bdt-flex-middle\" itemprop=\"name\">\n\n\t\t\t\t\t\t\t\t\t\t\t\t\t\t\t\t\u00bfQu\u00e9 tipo de actividades ofrecen?\t\t\t\t\t\t\t<\/span>\n\n\t\t\t\t\t\t<\/div>\n\t\t\t\t\t\t<div class=\"bdt-ep-accordion-content bdt-accordion-content\" itemscope=\"\" itemprop=\"acceptedAnswer\" itemtype=\"https:\/\/schema.org\/Answer\">\n\t\t\t\t\t\t\t<div itemprop=\"text\"><p>Ofrecemos una amplia gama de actividades, desde visitas culturales, escapadas gastron\u00f3micas, excursiones panor\u00e1micas hasta din\u00e1micas experiencias urbanas en Corea del Sur. Tanto si es un aficionado a la historia, un gastr\u00f3nomo o un aventurero de coraz\u00f3n, \u00a1hay algo para usted!<\/p><\/div>\t\t\t\t\t\t<\/div>\n\t\t\t\t\t<\/div>\n\t\t\t\t\t\t\t\t\t<div class=\"bdt-ep-accordion-item\" itemscope=\"\" itemprop=\"mainEntity\" itemtype=\"https:\/\/schema.org\/Question\">\n\t\t\t\t\t\t<div\t\t\t\t\t\t\tclass=\"bdt-ep-accordion-title bdt-accordion-title bdt-flex bdt-flex-middle bdt-flex-between\" id=\"bdt-ep-accordion-est-il-possible-de-modifier-ou-dannuler-ma-rservation\"\n\t\t\t\t\t\t\tdata-accordion-index=\"2\" data-title=\"est-il-possible-de-modifier-ou-d-039-annuler-ma-r-servation\">\n\n\t\t\t\t\t\t\t\t\t\t\t\t\t\t\t<span class=\"bdt-ep-accordion-icon bdt-flex-align-right\"\n\t\t\t\t\t\t\t\t\taria-hidden=\"true\">\n\n\t\t\t\t\t\t\t\t\t\t\t\t\t\t\t\t\t\t\t<span class=\"bdt-ep-accordion-icon-closed\">\n\t\t\t\t\t\t\t\t\t\t\t<i aria-hidden=\"true\" class=\"fa-fw ti ti-angle-down\"><\/i>\t\t\t\t\t\t\t\t\t\t<\/span>\n\t\t\t\t\t\t\t\t\t\n\t\t\t\t\t\t\t\t\t\t\t\t\t\t\t\t\t\t\t<span class=\"bdt-ep-accordion-icon-opened\">\n\t\t\t\t\t\t\t\t\t\t\t<i aria-hidden=\"true\" class=\"fa-fw ti ti-angle-up\"><\/i>\t\t\t\t\t\t\t\t\t\t<\/span>\n\t\t\t\t\t\t\t\t\t\n\t\t\t\t\t\t\t\t<\/span>\n\t\t\t\t\t\t\t\n\t\t\t\t\t\t\t<span role=\"heading\" class=\"bdt-ep-title-text bdt-flex-inline bdt-flex-middle\" itemprop=\"name\">\n\n\t\t\t\t\t\t\t\t\t\t\t\t\t\t\t\t\u00bfPuedo modificar o anular mi reserva?\t\t\t\t\t\t\t<\/span>\n\n\t\t\t\t\t\t<\/div>\n\t\t\t\t\t\t<div class=\"bdt-ep-accordion-content bdt-accordion-content\" itemscope=\"\" itemprop=\"acceptedAnswer\" itemtype=\"https:\/\/schema.org\/Answer\">\n\t\t\t\t\t\t\t<div itemprop=\"text\"><p>S\u00ed, la mayor\u00eda de las actividades reservadas a trav\u00e9s de nuestro sitio permiten modificaciones o cancelaciones flexibles. Las condiciones espec\u00edficas se indican en cada oferta de GetYourGuide. Comprueba los detalles de tu reserva o ponte en contacto con su servicio de atenci\u00f3n al cliente para obtener ayuda.<\/p><\/div>\t\t\t\t\t\t<\/div>\n\t\t\t\t\t<\/div>\n\t\t\t\t\t\t\t\t\t<div class=\"bdt-ep-accordion-item\" itemscope=\"\" itemprop=\"mainEntity\" itemtype=\"https:\/\/schema.org\/Question\">\n\t\t\t\t\t\t<div\t\t\t\t\t\t\tclass=\"bdt-ep-accordion-title bdt-accordion-title bdt-flex bdt-flex-middle bdt-flex-between\" id=\"bdt-ep-accordion-en-quoi-korea-exploration-est-il-diffrent-des-autres-agences-de-voyage\"\n\t\t\t\t\t\t\tdata-accordion-index=\"3\" data-title=\"en-quoi-korea-exploration-est-il-diff-rent-des-autres-agences-de-voyage\">\n\n\t\t\t\t\t\t\t\t\t\t\t\t\t\t\t<span class=\"bdt-ep-accordion-icon bdt-flex-align-right\"\n\t\t\t\t\t\t\t\t\taria-hidden=\"true\">\n\n\t\t\t\t\t\t\t\t\t\t\t\t\t\t\t\t\t\t\t<span class=\"bdt-ep-accordion-icon-closed\">\n\t\t\t\t\t\t\t\t\t\t\t<i aria-hidden=\"true\" class=\"fa-fw ti ti-angle-down\"><\/i>\t\t\t\t\t\t\t\t\t\t<\/span>\n\t\t\t\t\t\t\t\t\t\n\t\t\t\t\t\t\t\t\t\t\t\t\t\t\t\t\t\t\t<span class=\"bdt-ep-accordion-icon-opened\">\n\t\t\t\t\t\t\t\t\t\t\t<i aria-hidden=\"true\" class=\"fa-fw ti ti-angle-up\"><\/i>\t\t\t\t\t\t\t\t\t\t<\/span>\n\t\t\t\t\t\t\t\t\t\n\t\t\t\t\t\t\t\t<\/span>\n\t\t\t\t\t\t\t\n\t\t\t\t\t\t\t<span role=\"heading\" class=\"bdt-ep-title-text bdt-flex-inline bdt-flex-middle\" itemprop=\"name\">\n\n\t\t\t\t\t\t\t\t\t\t\t\t\t\t\t\t\u00bfEn qu\u00e9 se diferencia Korea Exploration de otras agencias de viajes?\t\t\t\t\t\t\t<\/span>\n\n\t\t\t\t\t\t<\/div>\n\t\t\t\t\t\t<div class=\"bdt-ep-accordion-content bdt-accordion-content\" itemscope=\"\" itemprop=\"acceptedAnswer\" itemtype=\"https:\/\/schema.org\/Answer\">\n\t\t\t\t\t\t\t<div itemprop=\"text\"><p>Korea Exploration naci\u00f3 de mi pasi\u00f3n personal por Corea. Aqu\u00ed no s\u00f3lo encontrar\u00e1 actividades cuidadosamente seleccionadas, sino tambi\u00e9n aut\u00e9nticos consejos, gu\u00edas y sugerencias basados en mis experiencias personales. Comparto con usted lo que me hubiera gustado saber al explorar este magn\u00edfico pa\u00eds.<\/p><\/div>\t\t\t\t\t\t<\/div>\n\t\t\t\t\t<\/div>\n\t\t\t\t\t\t\t\t\t<div class=\"bdt-ep-accordion-item\" itemscope=\"\" itemprop=\"mainEntity\" itemtype=\"https:\/\/schema.org\/Question\">\n\t\t\t\t\t\t<div\t\t\t\t\t\t\tclass=\"bdt-ep-accordion-title bdt-accordion-title bdt-flex bdt-flex-middle bdt-flex-between\" id=\"bdt-ep-accordion-dois-je-minquiter-des-barrires-linguistiques-en-core-du-sud\"\n\t\t\t\t\t\t\tdata-accordion-index=\"4\" data-title=\"dois-je-m-039-inqui-ter-des-barri-res-linguistiques-en-cor-e-du-sud\">\n\n\t\t\t\t\t\t\t\t\t\t\t\t\t\t\t<span class=\"bdt-ep-accordion-icon bdt-flex-align-right\"\n\t\t\t\t\t\t\t\t\taria-hidden=\"true\">\n\n\t\t\t\t\t\t\t\t\t\t\t\t\t\t\t\t\t\t\t<span class=\"bdt-ep-accordion-icon-closed\">\n\t\t\t\t\t\t\t\t\t\t\t<i aria-hidden=\"true\" class=\"fa-fw ti ti-angle-down\"><\/i>\t\t\t\t\t\t\t\t\t\t<\/span>\n\t\t\t\t\t\t\t\t\t\n\t\t\t\t\t\t\t\t\t\t\t\t\t\t\t\t\t\t\t<span class=\"bdt-ep-accordion-icon-opened\">\n\t\t\t\t\t\t\t\t\t\t\t<i aria-hidden=\"true\" class=\"fa-fw ti ti-angle-up\"><\/i>\t\t\t\t\t\t\t\t\t\t<\/span>\n\t\t\t\t\t\t\t\t\t\n\t\t\t\t\t\t\t\t<\/span>\n\t\t\t\t\t\t\t\n\t\t\t\t\t\t\t<span role=\"heading\" class=\"bdt-ep-title-text bdt-flex-inline bdt-flex-middle\" itemprop=\"name\">\n\n\t\t\t\t\t\t\t\t\t\t\t\t\t\t\t\t\u00bfDebo preocuparme por las barreras ling\u00fc\u00edsticas en Corea del Sur?\t\t\t\t\t\t\t<\/span>\n\n\t\t\t\t\t\t<\/div>\n\t\t\t\t\t\t<div class=\"bdt-ep-accordion-content bdt-accordion-content\" itemscope=\"\" itemprop=\"acceptedAnswer\" itemtype=\"https:\/\/schema.org\/Answer\">\n\t\t\t\t\t\t\t<div itemprop=\"text\"><p>En absoluto. La mayor\u00eda de las actividades que se ofrecen son accesibles para angloparlantes, y muchas incluyen gu\u00edas que hablan ingl\u00e9s. Es m\u00e1s, en Korea Exploration, le doy consejos sobre c\u00f3mo comunicarse eficazmente, incluso con un conocimiento m\u00ednimo de coreano. La aventura en Corea del Sur est\u00e1 al alcance de su mano, sin estr\u00e9s ling\u00fc\u00edstico.<\/p><\/div>\t\t\t\t\t\t<\/div>\n\t\t\t\t\t<\/div>\n\t\t\t\t\t\t\t<\/div>\n\t\t<\/div>\n\t\t\t\t\t\t<\/div>\n\t\t\t\t<\/div>\n\t\t\t\t\t<\/div>\n\t\t<\/div>\n\t\t\t\t\t<\/div>\n\t\t<\/section>\n\t\t\t\t<\/div>","protected":false},"excerpt":{"rendered":"<p>\u00bfQui\u00e9nes somos? \u00a1Hola! \ud83d\udc4b \u00a1Me llamo Loris GAUTIER! Si has acabado aqu\u00ed, probablemente sea porque eres [...].<\/p>","protected":false},"author":1,"featured_media":0,"parent":0,"menu_order":0,"comment_status":"closed","ping_status":"closed","template":"","meta":{"footnotes":""},"class_list":["post-5760","page","type-page","status-publish","hentry"],"_links":{"self":[{"href":"https:\/\/koreaexploration.com\/es\/wp-json\/wp\/v2\/pages\/5760","targetHints":{"allow":["GET"]}}],"collection":[{"href":"https:\/\/koreaexploration.com\/es\/wp-json\/wp\/v2\/pages"}],"about":[{"href":"https:\/\/koreaexploration.com\/es\/wp-json\/wp\/v2\/types\/page"}],"author":[{"embeddable":true,"href":"https:\/\/koreaexploration.com\/es\/wp-json\/wp\/v2\/users\/1"}],"replies":[{"embeddable":true,"href":"https:\/\/koreaexploration.com\/es\/wp-json\/wp\/v2\/comments?post=5760"}],"version-history":[{"count":16,"href":"https:\/\/koreaexploration.com\/es\/wp-json\/wp\/v2\/pages\/5760\/revisions"}],"predecessor-version":[{"id":9006,"href":"https:\/\/koreaexploration.com\/es\/wp-json\/wp\/v2\/pages\/5760\/revisions\/9006"}],"wp:attachment":[{"href":"https:\/\/koreaexploration.com\/es\/wp-json\/wp\/v2\/media?parent=5760"}],"curies":[{"name":"wp","href":"https:\/\/api.w.org\/{rel}","templated":true}]}}